{"id":914,"date":"2025-11-14T10:57:02","date_gmt":"2025-11-14T09:57:02","guid":{"rendered":"https:\/\/mar-blau.com\/aviso-legal\/"},"modified":"2026-01-16T09:55:10","modified_gmt":"2026-01-16T08:55:10","slug":"legal-notice","status":"publish","type":"page","link":"https:\/\/mar-blau.com\/en\/legal-notice\/","title":{"rendered":"Legal notice"},"content":{"rendered":"\t\t<div data-elementor-type=\"wp-page\" data-elementor-id=\"914\" class=\"elementor elementor-914 elementor-492\" data-elementor-post-type=\"page\">\n\t\t\t\t<div class=\"elementor-element elementor-element-2f7e480 e-flex e-con-boxed e-con e-parent\" data-id=\"2f7e480\" data-element_type=\"container\" data-e-type=\"container\" data-settings=\"{&quot;background_background&quot;:&quot;classic&quot;}\">\n\t\t\t\t\t<div class=\"e-con-inner\">\n\t\t<div class=\"elementor-element elementor-element-8992ab2 e-con-full e-flex e-con e-child\" data-id=\"8992ab2\" data-element_type=\"container\" data-e-type=\"container\">\n\t\t\t\t<div class=\"elementor-element elementor-element-e24c7e8 elementor-widget elementor-widget-heading\" data-id=\"e24c7e8\" data-element_type=\"widget\" data-e-type=\"widget\" data-widget_type=\"heading.default\">\n\t\t\t\t\t<h1 class=\"elementor-heading-title elementor-size-default\">Aviso legal<\/h1>\t\t\t\t<\/div>\n\t\t\t\t<\/div>\n\t\t\t\t\t<\/div>\n\t\t\t\t<\/div>\n\t\t<div class=\"elementor-element elementor-element-bcee58e e-flex e-con-boxed e-con e-parent\" data-id=\"bcee58e\" data-element_type=\"container\" data-e-type=\"container\">\n\t\t\t\t\t<div class=\"e-con-inner\">\n\t\t\t\t<div class=\"elementor-element elementor-element-d0d65f7 elementor-widget elementor-widget-text-editor\" data-id=\"d0d65f7\" data-element_type=\"widget\" data-e-type=\"widget\" data-widget_type=\"text-editor.default\">\n\t\t\t\t\t\t\t\t\t<p><strong>LSSICE<\/strong><\/p><p>ADAPTACI\u00d3N A LA LEY 34\/2002 DE SERVICIOS DE LA SOCIEDAD DE LA INFORMACI\u00d3N Y COMERCIO ELECTR\u00d3NICO (LSSICE).<\/p><p><strong>AVISO LEGAL:<\/strong><\/p><p>En cumplimiento del art\u00edculo 10 de la Ley 34\/2002, de 11 de julio, de Servicios de la Sociedad de la Informaci\u00f3n y Comercio Electr\u00f3nico (LSSICE) a continuaci\u00f3n se detallan los datos identificativos de la entidad: responsable de la web:\u00a0<strong>www.mar-blau.com<\/strong><\/p><p><strong>DATOS DE LA EMPRESA RESPONSABLE:<\/strong><\/p><p>Raz\u00f3n social: Lionel Laurens, en adelante <strong>Mar Blau<\/strong><\/p><p>NIF: X0965958G<\/p><p>Direcci\u00f3n: Calle Roses 1 &#8211; Club N\u00e1utico Arenal<br \/>07600 El arenal, Balears, Illes, Espa\u00f1a<\/p><p>Tel\u00e9fono: <a href=\"tel:+34619789884\"><span class=\"elementor-icon-list-text\">(+34) 619 789 884<\/span><\/a><\/p><p>Email: info@mar-blau.com<\/p><p><strong>FINALIDAD DE LA P\u00c1GINA WEB.<\/strong><\/p><p>La presente web se utiliza para mostrar productos o servicios de la empresa.<\/p><p>El presente aviso legal (en adelante, el \u00abAviso Legal\u00bb) regula el uso del sitio web:<\/p><p><strong>www.mar-blau.com<\/strong><\/p><p><strong>LEGISLACI\u00d3N.<\/strong><\/p><p>Con car\u00e1cter general las relaciones entre <strong>MAR BLAU<\/strong> y los Usuarios de sus servicios telem\u00e1ticos, presentes en este sitio web, se encuentran sometidas a la legislaci\u00f3n y jurisdicci\u00f3n espa\u00f1olas.<\/p><p><strong>USO Y ACCESO DE USUARIOS.<\/strong><\/p><p>\u00a0El Usuario queda informado, y acepta, que el acceso a la presente web no supone, en modo alguno, el inicio de una relaci\u00f3n comercial con <strong>MAR BLAU<\/strong> o cualquiera de sus delegaciones.<\/p><p><strong>PROPIEDAD INTELECTUAL E INDUSTRIAL.<\/strong><\/p><p>Los derechos de propiedad intelectual del contenido de las p\u00e1ginas web, su dise\u00f1o gr\u00e1fico y c\u00f3digos son titularidad de <strong>MAR BLAU<\/strong> y, por tanto, queda prohibida su reproducci\u00f3n, distribuci\u00f3n, comunicaci\u00f3n p\u00fablica, transformaci\u00f3n o cualquier otra actividad que se pueda realizar con los contenidos de sus p\u00e1ginas web ni aun citando las fuentes, salvo consentimiento por escrito de <strong>MAR BLAU<\/strong><\/p><p><strong>CONTENIDO DE LA WEB Y ENLACES (LINKS).<\/strong><\/p><p><strong>MAR BLAU<\/strong> se reserva el derecho a actualizar, modificar o eliminar la informaci\u00f3n contenida en sus p\u00e1ginas web pudiendo incluso limitar o no permitir el acceso a dicha informaci\u00f3n a ciertos usuarios.<\/p><p><strong>MAR BLAU<\/strong> no asume responsabilidad alguna por la informaci\u00f3n contenida en p\u00e1ginas web de terceros a las que se pueda acceder por \u00ablinks\u00bb o enlaces desde cualquier p\u00e1gina web propiedad de <strong>MAR BLAU<\/strong> . La presencia de \u00ablinks\u00bb o enlaces en las p\u00e1ginas web de <strong>MAR BLAU<\/strong> tiene finalidad meramente informativa y en ning\u00fan caso supone sugerencia, invitaci\u00f3n o recomendaci\u00f3n sobre los mismos.<\/p>\t\t\t\t\t\t\t\t<\/div>\n\t\t\t\t\t<\/div>\n\t\t\t\t<\/div>\n\t\t\t\t<\/div>\n\t\t","protected":false},"excerpt":{"rendered":"<p>Aviso legal LSSICE ADAPTACI\u00d3N A LA LEY 34\/2002 DE SERVICIOS DE LA SOCIEDAD DE LA INFORMACI\u00d3N Y COMERCIO ELECTR\u00d3NICO (LSSICE). AVISO LEGAL: En cumplimiento del art\u00edculo 10 de la Ley 34\/2002, de 11 de julio, de Servicios de la Sociedad de la Informaci\u00f3n y Comercio Electr\u00f3nico (LSSICE) a continuaci\u00f3n se detallan los datos identificativos de &#8230; <a title=\"Legal notice\" class=\"read-more\" href=\"https:\/\/mar-blau.com\/en\/legal-notice\/\" aria-label=\"Read more about Legal notice\">Read more<\/a><\/p>\n","protected":false},"author":1,"featured_media":0,"parent":0,"menu_order":0,"comment_status":"closed","ping_status":"closed","template":"elementor_header_footer","meta":{"_acf_changed":false,"_joinchat":[],"footnotes":""},"class_list":["post-914","page","type-page","status-publish"],"acf":[],"yoast_head":"<!-- This site is optimized with the Yoast SEO plugin v27.3 - https:\/\/yoast.com\/product\/yoast-seo-wordpress\/ -->\n<title>Legal notice - Mar Blau Brokerage<\/title>\n<meta name=\"robots\" content=\"index, follow, max-snippet:-1, max-image-preview:large, max-video-preview:-1\" \/>\n<link rel=\"canonical\" href=\"https:\/\/mar-blau.com\/en\/legal-notice\/\" \/>\n<meta property=\"og:locale\" content=\"en_US\" \/>\n<meta property=\"og:type\" content=\"article\" \/>\n<meta property=\"og:title\" content=\"Legal notice - Mar Blau Brokerage\" \/>\n<meta property=\"og:description\" content=\"Aviso legal LSSICE ADAPTACI\u00d3N A LA LEY 34\/2002 DE SERVICIOS DE LA SOCIEDAD DE LA INFORMACI\u00d3N Y COMERCIO ELECTR\u00d3NICO (LSSICE). AVISO LEGAL: En cumplimiento del art\u00edculo 10 de la Ley 34\/2002, de 11 de julio, de Servicios de la Sociedad de la Informaci\u00f3n y Comercio Electr\u00f3nico (LSSICE) a continuaci\u00f3n se detallan los datos identificativos de ... Read more\" \/>\n<meta property=\"og:url\" content=\"https:\/\/mar-blau.com\/en\/legal-notice\/\" \/>\n<meta property=\"og:site_name\" content=\"Mar Blau Brokerage\" \/>\n<meta property=\"article:publisher\" content=\"https:\/\/www.facebook.com\/Mar-Blau-Brokerage-151966638193109\/?ref=br_rs\" \/>\n<meta property=\"article:modified_time\" content=\"2026-01-16T08:55:10+00:00\" \/>\n<meta name=\"twitter:card\" content=\"summary_large_image\" \/>\n<meta name=\"twitter:label1\" content=\"Est. reading time\" \/>\n\t<meta name=\"twitter:data1\" content=\"2 minutes\" \/>\n<script type=\"application\/ld+json\" class=\"yoast-schema-graph\">{\"@context\":\"https:\\\/\\\/schema.org\",\"@graph\":[{\"@type\":\"WebPage\",\"@id\":\"https:\\\/\\\/mar-blau.com\\\/en\\\/legal-notice\\\/\",\"url\":\"https:\\\/\\\/mar-blau.com\\\/en\\\/legal-notice\\\/\",\"name\":\"Legal notice - Mar Blau Brokerage\",\"isPartOf\":{\"@id\":\"https:\\\/\\\/mar-blau.com\\\/#website\"},\"datePublished\":\"2025-11-14T09:57:02+00:00\",\"dateModified\":\"2026-01-16T08:55:10+00:00\",\"breadcrumb\":{\"@id\":\"https:\\\/\\\/mar-blau.com\\\/en\\\/legal-notice\\\/#breadcrumb\"},\"inLanguage\":\"en-US\",\"potentialAction\":[{\"@type\":\"ReadAction\",\"target\":[\"https:\\\/\\\/mar-blau.com\\\/en\\\/legal-notice\\\/\"]}]},{\"@type\":\"BreadcrumbList\",\"@id\":\"https:\\\/\\\/mar-blau.com\\\/en\\\/legal-notice\\\/#breadcrumb\",\"itemListElement\":[{\"@type\":\"ListItem\",\"position\":1,\"name\":\"Portada\",\"item\":\"https:\\\/\\\/mar-blau.com\\\/en\\\/\"},{\"@type\":\"ListItem\",\"position\":2,\"name\":\"Legal notice\"}]},{\"@type\":\"WebSite\",\"@id\":\"https:\\\/\\\/mar-blau.com\\\/#website\",\"url\":\"https:\\\/\\\/mar-blau.com\\\/\",\"name\":\"Mar Blau\",\"description\":\"International Yacht Brokerage\",\"publisher\":{\"@id\":\"https:\\\/\\\/mar-blau.com\\\/#organization\"},\"potentialAction\":[{\"@type\":\"SearchAction\",\"target\":{\"@type\":\"EntryPoint\",\"urlTemplate\":\"https:\\\/\\\/mar-blau.com\\\/?s={search_term_string}\"},\"query-input\":{\"@type\":\"PropertyValueSpecification\",\"valueRequired\":true,\"valueName\":\"search_term_string\"}}],\"inLanguage\":\"en-US\"},{\"@type\":\"Organization\",\"@id\":\"https:\\\/\\\/mar-blau.com\\\/#organization\",\"name\":\"Mar Blau\",\"url\":\"https:\\\/\\\/mar-blau.com\\\/\",\"logo\":{\"@type\":\"ImageObject\",\"inLanguage\":\"en-US\",\"@id\":\"https:\\\/\\\/mar-blau.com\\\/#\\\/schema\\\/logo\\\/image\\\/\",\"url\":\"https:\\\/\\\/mar-blau.com\\\/wp-content\\\/uploads\\\/2025\\\/09\\\/logotipo-mar-blau.png\",\"contentUrl\":\"https:\\\/\\\/mar-blau.com\\\/wp-content\\\/uploads\\\/2025\\\/09\\\/logotipo-mar-blau.png\",\"width\":500,\"height\":212,\"caption\":\"Mar Blau\"},\"image\":{\"@id\":\"https:\\\/\\\/mar-blau.com\\\/#\\\/schema\\\/logo\\\/image\\\/\"},\"sameAs\":[\"https:\\\/\\\/www.facebook.com\\\/Mar-Blau-Brokerage-151966638193109\\\/?ref=br_rs\"]}]}<\/script>\n<!-- \/ Yoast SEO plugin. -->","yoast_head_json":{"title":"Legal notice - Mar Blau Brokerage","robots":{"index":"index","follow":"follow","max-snippet":"max-snippet:-1","max-image-preview":"max-image-preview:large","max-video-preview":"max-video-preview:-1"},"canonical":"https:\/\/mar-blau.com\/en\/legal-notice\/","og_locale":"en_US","og_type":"article","og_title":"Legal notice - Mar Blau Brokerage","og_description":"Aviso legal LSSICE ADAPTACI\u00d3N A LA LEY 34\/2002 DE SERVICIOS DE LA SOCIEDAD DE LA INFORMACI\u00d3N Y COMERCIO ELECTR\u00d3NICO (LSSICE). AVISO LEGAL: En cumplimiento del art\u00edculo 10 de la Ley 34\/2002, de 11 de julio, de Servicios de la Sociedad de la Informaci\u00f3n y Comercio Electr\u00f3nico (LSSICE) a continuaci\u00f3n se detallan los datos identificativos de ... Read more","og_url":"https:\/\/mar-blau.com\/en\/legal-notice\/","og_site_name":"Mar Blau Brokerage","article_publisher":"https:\/\/www.facebook.com\/Mar-Blau-Brokerage-151966638193109\/?ref=br_rs","article_modified_time":"2026-01-16T08:55:10+00:00","twitter_card":"summary_large_image","twitter_misc":{"Est. reading time":"2 minutes"},"schema":{"@context":"https:\/\/schema.org","@graph":[{"@type":"WebPage","@id":"https:\/\/mar-blau.com\/en\/legal-notice\/","url":"https:\/\/mar-blau.com\/en\/legal-notice\/","name":"Legal notice - Mar Blau Brokerage","isPartOf":{"@id":"https:\/\/mar-blau.com\/#website"},"datePublished":"2025-11-14T09:57:02+00:00","dateModified":"2026-01-16T08:55:10+00:00","breadcrumb":{"@id":"https:\/\/mar-blau.com\/en\/legal-notice\/#breadcrumb"},"inLanguage":"en-US","potentialAction":[{"@type":"ReadAction","target":["https:\/\/mar-blau.com\/en\/legal-notice\/"]}]},{"@type":"BreadcrumbList","@id":"https:\/\/mar-blau.com\/en\/legal-notice\/#breadcrumb","itemListElement":[{"@type":"ListItem","position":1,"name":"Portada","item":"https:\/\/mar-blau.com\/en\/"},{"@type":"ListItem","position":2,"name":"Legal notice"}]},{"@type":"WebSite","@id":"https:\/\/mar-blau.com\/#website","url":"https:\/\/mar-blau.com\/","name":"Mar Blau","description":"International Yacht Brokerage","publisher":{"@id":"https:\/\/mar-blau.com\/#organization"},"potentialAction":[{"@type":"SearchAction","target":{"@type":"EntryPoint","urlTemplate":"https:\/\/mar-blau.com\/?s={search_term_string}"},"query-input":{"@type":"PropertyValueSpecification","valueRequired":true,"valueName":"search_term_string"}}],"inLanguage":"en-US"},{"@type":"Organization","@id":"https:\/\/mar-blau.com\/#organization","name":"Mar Blau","url":"https:\/\/mar-blau.com\/","logo":{"@type":"ImageObject","inLanguage":"en-US","@id":"https:\/\/mar-blau.com\/#\/schema\/logo\/image\/","url":"https:\/\/mar-blau.com\/wp-content\/uploads\/2025\/09\/logotipo-mar-blau.png","contentUrl":"https:\/\/mar-blau.com\/wp-content\/uploads\/2025\/09\/logotipo-mar-blau.png","width":500,"height":212,"caption":"Mar Blau"},"image":{"@id":"https:\/\/mar-blau.com\/#\/schema\/logo\/image\/"},"sameAs":["https:\/\/www.facebook.com\/Mar-Blau-Brokerage-151966638193109\/?ref=br_rs"]}]}},"_links":{"self":[{"href":"https:\/\/mar-blau.com\/en\/wp-json\/wp\/v2\/pages\/914","targetHints":{"allow":["GET"]}}],"collection":[{"href":"https:\/\/mar-blau.com\/en\/wp-json\/wp\/v2\/pages"}],"about":[{"href":"https:\/\/mar-blau.com\/en\/wp-json\/wp\/v2\/types\/page"}],"author":[{"embeddable":true,"href":"https:\/\/mar-blau.com\/en\/wp-json\/wp\/v2\/users\/1"}],"replies":[{"embeddable":true,"href":"https:\/\/mar-blau.com\/en\/wp-json\/wp\/v2\/comments?post=914"}],"version-history":[{"count":1,"href":"https:\/\/mar-blau.com\/en\/wp-json\/wp\/v2\/pages\/914\/revisions"}],"predecessor-version":[{"id":925,"href":"https:\/\/mar-blau.com\/en\/wp-json\/wp\/v2\/pages\/914\/revisions\/925"}],"wp:attachment":[{"href":"https:\/\/mar-blau.com\/en\/wp-json\/wp\/v2\/media?parent=914"}],"curies":[{"name":"wp","href":"https:\/\/api.w.org\/{rel}","templated":true}]}}